{"id":536,"date":"2017-05-19T14:48:23","date_gmt":"2017-05-19T14:48:23","guid":{"rendered":"http:\/\/nativewptheme.net\/fortieth\/?page_id=536"},"modified":"2019-12-06T16:30:46","modified_gmt":"2019-12-06T15:30:46","slug":"footer","status":"publish","type":"page","link":"https:\/\/u399449.stronazen.pl\/index.php\/footer\/","title":{"rendered":"footer"},"content":{"rendered":"<p>[vc_row bg_check=&#8221;row-background-dark&#8221; css=&#8221;.vc_custom_1495205355053{background-color: #31343a !important;}&#8221;][vc_column][dfd_spacer screen_wide_spacer_size=&#8221;60&#8243; screen_normal_resolution=&#8221;1280&#8243; screen_tablet_resolution=&#8221;1024&#8243; screen_mobile_resolution=&#8221;800&#8243; screen_normal_spacer_size=&#8221;60&#8243; screen_tablet_spacer_size=&#8221;60&#8243; screen_mobile_spacer_size=&#8221;0&#8243;][\/vc_column][vc_column width=&#8221;1\/3&#8243; el_class=&#8221;dfd_col-tablet-12&#8243; offset=&#8221;vc_col-lg-4 vc_col-md-4 vc_col-xs-12&#8243; col_shadow=&#8221;box_shadow_enable:disable|shadow_horizontal:0|shadow_vertical:15|shadow_blur:50|shadow_spread:0|box_shadow_color:rgba(0%2C0%2C0%2C0.35)&#8221; col_shadow_hover=&#8221;box_shadow_enable:disable|shadow_horizontal:0|shadow_vertical:15|shadow_blur:50|shadow_spread:0|box_shadow_color:rgba(0%2C0%2C0%2C0.35)&#8221;][dfd_single_image image_alignment=&#8221;image-left&#8221; image=&#8221;717&#8243;][dfd_spacer screen_wide_spacer_size=&#8221;25&#8243; screen_normal_resolution=&#8221;1280&#8243; screen_tablet_resolution=&#8221;1024&#8243; screen_mobile_resolution=&#8221;800&#8243; screen_normal_spacer_size=&#8221;25&#8243; screen_tablet_spacer_size=&#8221;25&#8243; screen_mobile_spacer_size=&#8221;20&#8243;][vc_column_text]Biuro realizuje prace projektowe kompleksowo zaczynaj\u0105c od audytu nieruchomo\u015bci, wyst\u0119pujemy o niezb\u0119dne warunki od dostawc\u00f3w medi\u00f3w i zarz\u0105dc\u00f3w dr\u00f3g publicznych, wykonujemy uzgodnienia bran\u017cowe i administracyjne do uzyskania pozwolenia na budow\u0119 w\u0142\u0105cznie.[\/vc_column_text][\/vc_column][vc_column el_class=&#8221;dfd_col-tablet-6&#8243; offset=&#8221;vc_col-lg-4 vc_col-md-4 vc_col-xs-12&#8243; col_shadow=&#8221;box_shadow_enable:disable|shadow_horizontal:0|shadow_vertical:15|shadow_blur:50|shadow_spread:0|box_shadow_color:rgba(0%2C0%2C0%2C0.35)&#8221; col_shadow_hover=&#8221;box_shadow_enable:disable|shadow_horizontal:0|shadow_vertical:15|shadow_blur:50|shadow_spread:0|box_shadow_color:rgba(0%2C0%2C0%2C0.35)&#8221;][dfd_spacer screen_wide_spacer_size=&#8221;30&#8243; screen_normal_resolution=&#8221;1280&#8243; screen_tablet_resolution=&#8221;1024&#8243; screen_mobile_resolution=&#8221;800&#8243; screen_normal_spacer_size=&#8221;30&#8243; screen_tablet_spacer_size=&#8221;45&#8243; screen_mobile_spacer_size=&#8221;10&#8243;][\/vc_column][vc_column width=&#8221;1\/2&#8243; el_class=&#8221;dfd_col-tablet-6&#8243; offset=&#8221;vc_col-lg-4 vc_col-md-4 vc_col-xs-12&#8243; col_shadow=&#8221;box_shadow_enable:disable|shadow_horizontal:0|shadow_vertical:15|shadow_blur:50|shadow_spread:0|box_shadow_color:rgba(0%2C0%2C0%2C0.35)&#8221; col_shadow_hover=&#8221;box_shadow_enable:disable|shadow_horizontal:0|shadow_vertical:15|shadow_blur:50|shadow_spread:0|box_shadow_color:rgba(0%2C0%2C0%2C0.35)&#8221;][dfd_spacer screen_wide_spacer_size=&#8221;30&#8243; screen_normal_resolution=&#8221;1280&#8243; screen_tablet_resolution=&#8221;1024&#8243; screen_mobile_resolution=&#8221;800&#8243; screen_normal_spacer_size=&#8221;30&#8243; screen_tablet_spacer_size=&#8221;45&#8243; screen_mobile_spacer_size=&#8221;0&#8243;][dfd_heading subtitle=&#8221;&#8221; content_alignment=&#8221;text-left&#8221; enable_delimiter=&#8221;&#8221; undefined=&#8221;&#8221; title_font_options=&#8221;tag:h5|font_size:12|color:rgba(255%2C255%2C255%2C0.4)|letter_spacing:0.8&#8243; subtitle_font_options=&#8221;tag:div&#8221;]PRZYDATNE LINKI[\/dfd_heading][dfd_spacer screen_wide_spacer_size=&#8221;15&#8243; screen_normal_resolution=&#8221;1280&#8243; screen_tablet_resolution=&#8221;1024&#8243; screen_mobile_resolution=&#8221;800&#8243; screen_normal_spacer_size=&#8221;15&#8243; screen_tablet_spacer_size=&#8221;15&#8243; screen_mobile_spacer_size=&#8221;15&#8243;][vc_row_inner][vc_column_inner width=&#8221;1\/2&#8243;][dfd_icon_list list_fields=&#8221;%5B%7B%22icon_type%22%3A%22not-icon%22%2C%22select_icon%22%3A%22dfd_icons%22%2C%22ic_dfd_icons%22%3A%22dfd-socicon-arrow-right%22%2C%22text_content%22%3A%22Strona%20g%C5%82%C3%B3wna%22%2C%22link_box%22%3A%22link_b%22%2C%22link%22%3A%22url%3Ahttp%253A%252F%252Fpiast-projekt.pl%252F%7C%7C%7C%22%7D%2C%7B%22icon_type%22%3A%22not-icon%22%2C%22select_icon%22%3A%22dfd_icons%22%2C%22ic_dfd_icons%22%3A%22dfd-socicon-arrow-right%22%2C%22text_content%22%3A%22Kontakt%22%2C%22link_box%22%3A%22link_b%22%2C%22link%22%3A%22url%3Ahttp%253A%252F%252Fpiast-projekt.pl%252Findex.php%252Fkontakt%252F%7C%7C%7C%22%7D%2C%7B%22icon_type%22%3A%22not-icon%22%2C%22select_icon%22%3A%22dfd_icons%22%2C%22ic_dfd_icons%22%3A%22dfd-socicon-arrow-right%22%2C%22text_content%22%3A%22Realizacje%22%2C%22link_box%22%3A%22link_b%22%2C%22link%22%3A%22url%3Ahttp%253A%252F%252Fpiast-projekt.pl%252Findex.php%252Frealizacje%252F%7C%7C%7C%22%7D%5D&#8221; del_style=&#8221;dotted&#8221; del_height=&#8221;1&#8243; main_style=&#8221;style-3&#8243; font_options=&#8221;tag:div|font_size:13|letter_spacing:0&#8243; use_google_fonts=&#8221;yes&#8221; custom_fonts=&#8221;font_family:Roboto%3A100%2C100italic%2C300%2C300italic%2Cregular%2Citalic%2C500%2C500italic%2C700%2C700italic%2C900%2C900italic|font_style:500%20bold%20regular%3A500%3Anormal&#8221; icon_bottom_spase=&#8221;10&#8243; tutorials=&#8221;&#8221;][\/vc_column_inner][vc_column_inner width=&#8221;1\/2&#8243;][dfd_icon_list list_fields=&#8221;%5B%7B%22icon_type%22%3A%22not-icon%22%2C%22select_icon%22%3A%22dfd_icons%22%2C%22ic_dfd_icons%22%3A%22dfd-socicon-arrow-right%22%2C%22text_content%22%3A%22O%20nas%22%2C%22link_box%22%3A%22link_b%22%2C%22link%22%3A%22url%3Ahttp%253A%252F%252Fpiast-projekt.pl%252Findex.php%252Fo-nas%252F%7C%7C%7C%22%7D%2C%7B%22icon_type%22%3A%22not-icon%22%2C%22select_icon%22%3A%22dfd_icons%22%2C%22ic_dfd_icons%22%3A%22dfd-socicon-arrow-right%22%2C%22text_content%22%3A%22Jak%20dzia%C5%82amy%22%2C%22link_box%22%3A%22link_b%22%2C%22link%22%3A%22url%3Ahttp%253A%252F%252Fpiast-projekt.pl%252Findex.php%252Fjak-dzialamy%252F%7C%7C%7C%22%7D%5D&#8221; del_style=&#8221;dotted&#8221; del_height=&#8221;1&#8243; main_style=&#8221;style-3&#8243; font_options=&#8221;tag:div|font_size:13|letter_spacing:0&#8243; use_google_fonts=&#8221;yes&#8221; custom_fonts=&#8221;font_family:Roboto%3A100%2C100italic%2C300%2C300italic%2Cregular%2Citalic%2C500%2C500italic%2C700%2C700italic%2C900%2C900italic|font_style:500%20bold%20regular%3A500%3Anormal&#8221; icon_bottom_spase=&#8221;10&#8243;][\/vc_column_inner][\/vc_row_inner][\/vc_column][vc_column][dfd_spacer screen_wide_spacer_size=&#8221;60&#8243; screen_normal_resolution=&#8221;1280&#8243; screen_tablet_resolution=&#8221;1024&#8243; screen_mobile_resolution=&#8221;800&#8243; screen_normal_spacer_size=&#8221;60&#8243; screen_tablet_spacer_size=&#8221;60&#8243; screen_mobile_spacer_size=&#8221;0&#8243;][\/vc_column][\/vc_row]<\/p>\n","protected":false},"excerpt":{"rendered":"<p>[vc_row bg_check=&#8221;row-background-dark&#8221; css=&#8221;.vc_custom_1495205355053{background-color: #31343a !important;}&#8221;][vc_column][dfd_spacer screen_wide_spacer_size=&#8221;60&#8243; screen_normal_resolution=&#8221;1280&#8243; screen_tablet_resolution=&#8221;1024&#8243; screen_mobile_resolution=&#8221;800&#8243; screen_normal_spacer_size=&#8221;60&#8243; screen_tablet_spacer_size=&#8221;60&#8243; screen_mobile_spacer_size=&#8221;0&#8243;][\/vc_column][vc_column width=&#8221;1\/3&#8243; el_class=&#8221;dfd_col-tablet-12&#8243; offset=&#8221;vc_col-lg-4 vc_col-md-4 vc_col-xs-12&#8243; col_shadow=&#8221;box_shadow_enable:disable|shadow_horizontal:0|shadow_vertical:15|shadow_blur:50|shadow_spread:0|box_shadow_color:rgba(0%2C0%2C0%2C0.35)&#8221; col_shadow_hover=&#8221;box_shadow_enable:disable|shadow_horizontal:0|shadow_vertical:15|shadow_blur:50|shadow_spread:0|box_shadow_color:rgba(0%2C0%2C0%2C0.35)&#8221;][dfd_single_image image_alignment=&#8221;image-left&#8221; image=&#8221;717&#8243;][dfd_spacer screen_wide_spacer_size=&#8221;25&#8243; screen_normal_resolution=&#8221;1280&#8243; screen_tablet_resolution=&#8221;1024&#8243; screen_mobile_resolution=&#8221;800&#8243; screen_normal_spacer_size=&#8221;25&#8243; screen_tablet_spacer_size=&#8221;25&#8243; screen_mobile_spacer_size=&#8221;20&#8243;][vc_column_text]Biuro realizuje prace<\/p>\n","protected":false},"author":1,"featured_media":0,"parent":0,"menu_order":0,"comment_status":"closed","ping_status":"closed","template":"tmp-page.php","meta":{"footnotes":""},"class_list":["post-536","page","type-page","status-publish","hentry"],"_links":{"self":[{"href":"https:\/\/u399449.stronazen.pl\/index.php\/wp-json\/wp\/v2\/pages\/536","targetHints":{"allow":["GET"]}}],"collection":[{"href":"https:\/\/u399449.stronazen.pl\/index.php\/wp-json\/wp\/v2\/pages"}],"about":[{"href":"https:\/\/u399449.stronazen.pl\/index.php\/wp-json\/wp\/v2\/types\/page"}],"author":[{"embeddable":true,"href":"https:\/\/u399449.stronazen.pl\/index.php\/wp-json\/wp\/v2\/users\/1"}],"replies":[{"embeddable":true,"href":"https:\/\/u399449.stronazen.pl\/index.php\/wp-json\/wp\/v2\/comments?post=536"}],"version-history":[{"count":6,"href":"https:\/\/u399449.stronazen.pl\/index.php\/wp-json\/wp\/v2\/pages\/536\/revisions"}],"predecessor-version":[{"id":823,"href":"https:\/\/u399449.stronazen.pl\/index.php\/wp-json\/wp\/v2\/pages\/536\/revisions\/823"}],"wp:attachment":[{"href":"https:\/\/u399449.stronazen.pl\/index.php\/wp-json\/wp\/v2\/media?parent=536"}],"curies":[{"name":"wp","href":"https:\/\/api.w.org\/{rel}","templated":true}]}}