{"id":793,"date":"2019-11-28T15:53:57","date_gmt":"2019-11-28T14:53:57","guid":{"rendered":"http:\/\/stellarity.co\/piast\/?page_id=793"},"modified":"2022-10-18T17:10:48","modified_gmt":"2022-10-18T15:10:48","slug":"kontakt","status":"publish","type":"page","link":"https:\/\/u399449.stronazen.pl\/index.php\/kontakt\/","title":{"rendered":"Kontakt"},"content":{"rendered":"<p>[vc_row dfd_row_config=&#8221;full_width_content&#8221;][vc_column][rev_slider_vc alias=&#8221;building&#8221;][\/vc_column][\/vc_row][vc_row][vc_column][dfd_spacer screen_wide_spacer_size=&#8221;100&#8243; screen_normal_resolution=&#8221;1280&#8243; screen_tablet_resolution=&#8221;1024&#8243; screen_mobile_resolution=&#8221;800&#8243; screen_normal_spacer_size=&#8221;100&#8243; screen_tablet_spacer_size=&#8221;0&#8243; screen_mobile_spacer_size=&#8221;0&#8243;][\/vc_column][\/vc_row][vc_row][vc_column dfd_column_responsive_enable=&#8221;dfd-column-responsive-enable&#8221; col_shadow=&#8221;box_shadow_enable:disable|shadow_horizontal:0|shadow_vertical:15|shadow_blur:50|shadow_spread:0|box_shadow_color:rgba(0%2C0%2C0%2C0.35)&#8221; col_shadow_hover=&#8221;box_shadow_enable:disable|shadow_horizontal:0|shadow_vertical:15|shadow_blur:50|shadow_spread:0|box_shadow_color:rgba(0%2C0%2C0%2C0.35)&#8221; responsive_styles=&#8221;padding_left_desktop:20|padding_right_desktop:20|padding_left_tablet:20|padding_right_tablet:20|padding_left_mobile:20|padding_right_mobile:20&#8243;][dfd_spacer screen_wide_spacer_size=&#8221;90&#8243; screen_normal_resolution=&#8221;1280&#8243; screen_tablet_resolution=&#8221;1024&#8243; screen_mobile_resolution=&#8221;800&#8243; screen_normal_spacer_size=&#8221;90&#8243; screen_tablet_spacer_size=&#8221;0&#8243; screen_mobile_spacer_size=&#8221;0&#8243;][vc_row_inner][vc_column_inner el_class=&#8221;dfd_col-tablet-12&#8243; width=&#8221;1\/2&#8243; dfd_column_responsive_enable=&#8221;dfd-column-responsive-enable&#8221; css=&#8221;.vc_custom_1495454070613{padding-right: 20px !important;}&#8221; col_inner_shadow=&#8221;box_shadow_enable:disable|shadow_horizontal:0|shadow_vertical:15|shadow_blur:50|shadow_spread:0|box_shadow_color:rgba(0%2C0%2C0%2C0.35)&#8221; col_inner_shadow_hover=&#8221;box_shadow_enable:disable|shadow_horizontal:0|shadow_vertical:15|shadow_blur:50|shadow_spread:0|box_shadow_color:rgba(0%2C0%2C0%2C0.35)&#8221; offset=&#8221;vc_col-lg-6 vc_col-md-6 vc_col-xs-12&#8243; responsive_styles=&#8221;padding_right_tablet:10|padding_right_mobile:0&#8243;][dfd_heading subtitle=&#8221;&#8221; content_alignment=&#8221;text-left&#8221; module_animation=&#8221;transition.slideRightBigIn&#8221; enable_delimiter=&#8221;&#8221; undefined=&#8221;&#8221; title_font_options=&#8221;tag:h4&#8243; subtitle_font_options=&#8221;tag:div&#8221; title_responsive=&#8221;font_size_mobile:24&#8243;]W razie pyta\u0144 zapraszamy do kontaktu[\/dfd_heading][dfd_spacer screen_wide_spacer_size=&#8221;20&#8243; screen_normal_resolution=&#8221;1280&#8243; screen_tablet_resolution=&#8221;1024&#8243; screen_mobile_resolution=&#8221;800&#8243; screen_normal_spacer_size=&#8221;20&#8243; screen_tablet_spacer_size=&#8221;20&#8243; screen_mobile_spacer_size=&#8221;20&#8243;][dfd_user_form preset=&#8221;preset3&#8243; fake_check_layout=&#8221;forms_05&#8243; module_animation=&#8221;transition.slideRightBigIn&#8221; hover_style_input2=&#8221;underline_hover&#8221; placeholder=&#8221;on&#8221; horiz_margin_btw_inputs=&#8221;10&#8243; letter_spacing=&#8221;.8&#8243; button_border_color=&#8221;#fdad00&#8243; button_border_color_on_hover=&#8221;#e39b00&#8243; button_backgrond=&#8221;#fdad00&#8243; hover_button_backgrond=&#8221;#e39b00&#8243; button_color_text=&#8221;#ffffff&#8221; button_hover_color_text=&#8221;#ffffff&#8221; btn_message=&#8221;Wy\u015blij wiadomo\u015b\u0107&#8221; btn_align=&#8221;left&#8221; email_to=&#8221;monika.konarska@piast-projekt.pl&#8221; email_subject=&#8221;Wiadomo\u015b\u0107 przes\u0142ana z formularza na stronie piast-projekt.pl&#8221; check_layout=&#8221;forms_05.php&#8221; check_layout_forms_05=&#8221;{&#8222;1&#8222;:{&#8222;text_name&#8222;:{&#8222;name&#8222;:&#8222;Imi\u0119&#8222;,&#8222;required-1&#8222;:&#8222;1&#8222;,&#8222;akismet_comment_author-1&#8222;:&#8222;1&#8222;}},&#8222;2&#8222;:{&#8222;email&#8222;:{&#8222;required-1&#8222;:&#8222;1&#8222;,&#8222;name&#8222;:&#8222;Email&#8222;,&#8222;akismet_comment_author_email-1&#8222;:&#8222;1&#8222;}},&#8222;3&#8222;:{&#8222;text_name&#8222;:{&#8222;required-1&#8222;:&#8222;1&#8222;,&#8222;name&#8222;:&#8222;Telefon&#8222;}},&#8222;4&#8222;:{&#8222;textarea_name&#8222;:{&#8222;name&#8222;:&#8222;Wiadomo\u015b\u0107&#8222;}}}&#8221;]Imi\u0119:{{text_name-1}}<br \/>\nE-mail: {{email-2}}<br \/>\nNumer telefonu: {{text_name-3}}<\/p>\n<p>Wiadomo\u015b\u0107:<br \/>\n{{textarea_name-4}}<\/p>\n<p>&#8212;<br \/>\nWiadomo\u015b\u0107 wys\u0142ana z formularza ze strony piast-projekt.pl[\/dfd_user_form][dfd_spacer screen_wide_spacer_size=&#8221;&#8221; screen_normal_resolution=&#8221;1280&#8243; screen_tablet_resolution=&#8221;1024&#8243; screen_mobile_resolution=&#8221;800&#8243; screen_tablet_spacer_size=&#8221;70&#8243; screen_mobile_spacer_size=&#8221;60&#8243;][\/vc_column_inner][vc_column_inner el_class=&#8221;dfd_col-tablet-12&#8243; width=&#8221;1\/2&#8243; dfd_column_responsive_enable=&#8221;dfd-column-responsive-enable&#8221; css=&#8221;.vc_custom_1575919614198{padding-left: 20px !important;}&#8221; col_inner_shadow=&#8221;box_shadow_enable:disable|shadow_horizontal:0|shadow_vertical:15|shadow_blur:50|shadow_spread:0|box_shadow_color:rgba(0%2C0%2C0%2C0.35)&#8221; col_inner_shadow_hover=&#8221;box_shadow_enable:disable|shadow_horizontal:0|shadow_vertical:15|shadow_blur:50|shadow_spread:0|box_shadow_color:rgba(0%2C0%2C0%2C0.35)&#8221; offset=&#8221;vc_col-lg-6 vc_col-md-6 vc_col-xs-12&#8243; responsive_styles=&#8221;padding_left_tablet:10|padding_left_mobile:50|padding_right_mobile:50&#8243;][dfd_heading subtitle=&#8221;&#8221; content_alignment=&#8221;text-left&#8221; module_animation=&#8221;transition.slideLeftBigIn&#8221; enable_delimiter=&#8221;&#8221; undefined=&#8221;&#8221; title_font_options=&#8221;tag:h4&#8243; subtitle_font_options=&#8221;tag:div&#8221; title_responsive=&#8221;font_size_mobile:24&#8243;]mgr.in\u017c. Monika Konarska-Korejko[\/dfd_heading][dfd_spacer screen_wide_spacer_size=&#8221;20&#8243; screen_normal_resolution=&#8221;1280&#8243; screen_tablet_resolution=&#8221;1024&#8243; screen_mobile_resolution=&#8221;800&#8243; screen_normal_spacer_size=&#8221;20&#8243; screen_tablet_spacer_size=&#8221;20&#8243; screen_mobile_spacer_size=&#8221;20&#8243;][dfd_new_team_member main_layout=&#8221;layout-15&#8243; team_member_img_width=&#8221;200&#8243; team_member_img_height=&#8221;284&#8243; team_member_name=&#8221;&#8221; team_member_job_position=&#8221;&#8221; team_member_description=&#8221;W trakcie prac projektowych jeste\u015bmy w sta\u0142ym kontakcie z Inwestorem. Pilnujemy termin\u00f3w, ostrzegamy przed zagro\u017ceniami, mobilizujemy innych uczestnik\u00f3w procesu projektowego do dzia\u0142ania. Takim dzia\u0142aniem nadajemy tempo pracy wszystkim uczestnikom inwestycji i unikamy najwi\u0119kszego kosztu \u2013 straty czasu. Zapraszamy do wsp\u00f3\u0142pracy!&#8221; icon_size=&#8221;15&#8243; team_member_photo=&#8221;763&#8243; title_font_options=&#8221;tag:div&#8221; subtitle_font_options=&#8221;tag:div&#8221;][\/vc_column_inner][\/vc_row_inner][dfd_spacer screen_wide_spacer_size=&#8221;165&#8243; screen_normal_resolution=&#8221;1280&#8243; screen_tablet_resolution=&#8221;1024&#8243; screen_mobile_resolution=&#8221;800&#8243; screen_mobile_spacer_size=&#8221;350&#8243; screen_tablet_spacer_size=&#8221;220&#8243;][\/vc_column][\/vc_row][vc_row dfd_row_responsive_enable=&#8221;dfd-row-responsive-enable&#8221; responsive_styles=&#8221;padding_left_desktop:20|padding_right_desktop:20|padding_left_tablet:20|padding_right_tablet:20|padding_left_mobile:20|padding_right_mobile:20&#8243; css=&#8221;.vc_custom_1495694414570{background-color: #31343a !important;}&#8221;][vc_column dfd_column_responsive_enable=&#8221;dfd-column-responsive-enable&#8221; css=&#8221;.vc_custom_1495695242747{margin-top: -97px !important;padding-left: 5% !important;background-color: #f2f2f2 !important;}&#8221; col_shadow=&#8221;box_shadow_enable:disable|shadow_horizontal:0|shadow_vertical:15|shadow_blur:50|shadow_spread:0|box_shadow_color:rgba(0%2C0%2C0%2C0.35)&#8221; col_shadow_hover=&#8221;box_shadow_enable:disable|shadow_horizontal:0|shadow_vertical:15|shadow_blur:50|shadow_spread:0|box_shadow_color:rgba(0%2C0%2C0%2C0.35)&#8221; responsive_styles=&#8221;margin_top_tablet:-160|margin_top_mobile:-300|padding_left_mobile:20|padding_right_mobile:20&#8243;][dfd_spacer screen_wide_spacer_size=&#8221;45&#8243; screen_normal_resolution=&#8221;1280&#8243; screen_tablet_resolution=&#8221;1024&#8243; screen_mobile_resolution=&#8221;800&#8243; screen_normal_spacer_size=&#8221;45&#8243; screen_tablet_spacer_size=&#8221;45&#8243; screen_mobile_spacer_size=&#8221;50&#8243;][vc_row_inner][vc_column_inner width=&#8221;1\/3&#8243;][dfd_heading subtitle=&#8221;&#8221; content_alignment=&#8221;text-left&#8221; enable_delimiter=&#8221;&#8221; undefined=&#8221;&#8221; title_font_options=&#8221;tag:h5|font_size:18|color:%23313131|line_height:28&#8243; subtitle_font_options=&#8221;tag:div&#8221; heading_margin=&#8221;margin-bottom:5&#8243;]Siedziba firmy[\/dfd_heading][vc_column_text]<\/p>\n<div class=\"page\" title=\"Page 3\">\n<div class=\"layoutArea\">\n<div class=\"column\">\n<p>59-220 Legnica<br \/>\nul. Okrzei 12, II pi\u0119tro.<\/p>\n<p>NIP 897 106 70 34<\/p>\n<\/div>\n<\/div>\n<\/div>\n<p>[\/vc_column_text][dfd_spacer screen_wide_spacer_size=&#8221;0&#8243; screen_normal_resolution=&#8221;1280&#8243; screen_tablet_resolution=&#8221;1024&#8243; screen_mobile_resolution=&#8221;800&#8243; screen_normal_spacer_size=&#8221;0&#8243; screen_tablet_spacer_size=&#8221;40&#8243; screen_mobile_spacer_size=&#8221;40&#8243;][\/vc_column_inner][vc_column_inner width=&#8221;1\/3&#8243;][dfd_heading subtitle=&#8221;&#8221; content_alignment=&#8221;text-left&#8221; enable_delimiter=&#8221;&#8221; undefined=&#8221;&#8221; title_font_options=&#8221;tag:h5|font_size:18|color:%23313131|line_height:28&#8243; subtitle_font_options=&#8221;tag:div&#8221; heading_margin=&#8221;margin-bottom:5&#8243;]Telefony[\/dfd_heading][vc_column_text]<a href=\"tel:\/\/+48 511 300 466\"><strong>+48 511 300 466<\/strong><\/a><br \/>\n<a href=\"tel:\/\/76 862 79 07\"><strong>76 862 79 07<\/strong><\/a>[\/vc_column_text][dfd_spacer screen_wide_spacer_size=&#8221;0&#8243; screen_normal_resolution=&#8221;1280&#8243; screen_tablet_resolution=&#8221;1024&#8243; screen_mobile_resolution=&#8221;800&#8243; screen_normal_spacer_size=&#8221;0&#8243; screen_tablet_spacer_size=&#8221;40&#8243; screen_mobile_spacer_size=&#8221;40&#8243;][\/vc_column_inner][vc_column_inner width=&#8221;1\/3&#8243;][dfd_heading subtitle=&#8221;&#8221; content_alignment=&#8221;text-left&#8221; enable_delimiter=&#8221;&#8221; undefined=&#8221;&#8221; title_font_options=&#8221;tag:h5|font_size:18|color:%23313131|line_height:28&#8243; subtitle_font_options=&#8221;tag:div&#8221; heading_margin=&#8221;margin-bottom:5&#8243;]Adresy Email[\/dfd_heading][vc_column_text]<a href=\"mailto:monika.konarska@piast-projekt.pl\">monika.konarska@piast-projekt.pl<\/a><a href=\"mailto:monikakonarskaeu@gmail.com\"><br \/>\nmonikakonarskaeu@gmail.com<\/a>[\/vc_column_text][dfd_spacer screen_wide_spacer_size=&#8221;0&#8243; screen_normal_resolution=&#8221;1280&#8243; screen_tablet_resolution=&#8221;1024&#8243; screen_mobile_resolution=&#8221;800&#8243; screen_normal_spacer_size=&#8221;0&#8243; screen_tablet_spacer_size=&#8221;0&#8243; screen_mobile_spacer_size=&#8221;40&#8243;][\/vc_column_inner][\/vc_row_inner][dfd_spacer screen_wide_spacer_size=&#8221;40&#8243; screen_normal_resolution=&#8221;1280&#8243; screen_tablet_resolution=&#8221;1024&#8243; screen_mobile_resolution=&#8221;800&#8243; screen_normal_spacer_size=&#8221;40&#8243; screen_tablet_spacer_size=&#8221;45&#8243; screen_mobile_spacer_size=&#8221;45&#8243;][\/vc_column][\/vc_row]<\/p>\n","protected":false},"excerpt":{"rendered":"<p>[vc_row dfd_row_config=&#8221;full_width_content&#8221;][vc_column][rev_slider_vc alias=&#8221;building&#8221;][\/vc_column][\/vc_row][vc_row][vc_column][dfd_spacer screen_wide_spacer_size=&#8221;100&#8243; screen_normal_resolution=&#8221;1280&#8243; screen_tablet_resolution=&#8221;1024&#8243; screen_mobile_resolution=&#8221;800&#8243; screen_normal_spacer_size=&#8221;100&#8243; screen_tablet_spacer_size=&#8221;0&#8243; screen_mobile_spacer_size=&#8221;0&#8243;][\/vc_column][\/vc_row][vc_row][vc_column dfd_column_responsive_enable=&#8221;dfd-column-responsive-enable&#8221; col_shadow=&#8221;box_shadow_enable:disable|shadow_horizontal:0|shadow_vertical:15|shadow_blur:50|shadow_spread:0|box_shadow_color:rgba(0%2C0%2C0%2C0.35)&#8221; col_shadow_hover=&#8221;box_shadow_enable:disable|shadow_horizontal:0|shadow_vertical:15|shadow_blur:50|shadow_spread:0|box_shadow_color:rgba(0%2C0%2C0%2C0.35)&#8221; responsive_styles=&#8221;padding_left_desktop:20|padding_right_desktop:20|padding_left_tablet:20|padding_right_tablet:20|padding_left_mobile:20|padding_right_mobile:20&#8243;][dfd_spacer screen_wide_spacer_size=&#8221;90&#8243; screen_normal_resolution=&#8221;1280&#8243; screen_tablet_resolution=&#8221;1024&#8243; screen_mobile_resolution=&#8221;800&#8243; screen_normal_spacer_size=&#8221;90&#8243; screen_tablet_spacer_size=&#8221;0&#8243; screen_mobile_spacer_size=&#8221;0&#8243;][vc_row_inner][vc_column_inner el_class=&#8221;dfd_col-tablet-12&#8243; width=&#8221;1\/2&#8243; dfd_column_responsive_enable=&#8221;dfd-column-responsive-enable&#8221; css=&#8221;.vc_custom_1495454070613{padding-right: 20px !important;}&#8221; col_inner_shadow=&#8221;box_shadow_enable:disable|shadow_horizontal:0|shadow_vertical:15|shadow_blur:50|shadow_spread:0|box_shadow_color:rgba(0%2C0%2C0%2C0.35)&#8221; col_inner_shadow_hover=&#8221;box_shadow_enable:disable|shadow_horizontal:0|shadow_vertical:15|shadow_blur:50|shadow_spread:0|box_shadow_color:rgba(0%2C0%2C0%2C0.35)&#8221; offset=&#8221;vc_col-lg-6<\/p>\n","protected":false},"author":1,"featured_media":0,"parent":0,"menu_order":0,"comment_status":"closed","ping_status":"closed","template":"tmp-page.php","meta":{"footnotes":""},"class_list":["post-793","page","type-page","status-publish","hentry"],"_links":{"self":[{"href":"https:\/\/u399449.stronazen.pl\/index.php\/wp-json\/wp\/v2\/pages\/793","targetHints":{"allow":["GET"]}}],"collection":[{"href":"https:\/\/u399449.stronazen.pl\/index.php\/wp-json\/wp\/v2\/pages"}],"about":[{"href":"https:\/\/u399449.stronazen.pl\/index.php\/wp-json\/wp\/v2\/types\/page"}],"author":[{"embeddable":true,"href":"https:\/\/u399449.stronazen.pl\/index.php\/wp-json\/wp\/v2\/users\/1"}],"replies":[{"embeddable":true,"href":"https:\/\/u399449.stronazen.pl\/index.php\/wp-json\/wp\/v2\/comments?post=793"}],"version-history":[{"count":11,"href":"https:\/\/u399449.stronazen.pl\/index.php\/wp-json\/wp\/v2\/pages\/793\/revisions"}],"predecessor-version":[{"id":967,"href":"https:\/\/u399449.stronazen.pl\/index.php\/wp-json\/wp\/v2\/pages\/793\/revisions\/967"}],"wp:attachment":[{"href":"https:\/\/u399449.stronazen.pl\/index.php\/wp-json\/wp\/v2\/media?parent=793"}],"curies":[{"name":"wp","href":"https:\/\/api.w.org\/{rel}","templated":true}]}}